{"id":949,"date":"2025-06-25T15:13:22","date_gmt":"2025-06-25T15:13:22","guid":{"rendered":"https:\/\/www.entrepotsduplateau.ca\/?page_id=949"},"modified":"2025-06-27T15:54:37","modified_gmt":"2025-06-27T15:54:37","slug":"blog","status":"publish","type":"page","link":"https:\/\/www.entrepotsduplateau.ca\/en\/about\/blog\/","title":{"rendered":"Blog"},"content":{"rendered":"<p>[et_pb_section fb_built=&#8221;1&#8243; admin_label=&#8221;Hero&#8221; _builder_version=&#8221;4.23&#8243; use_background_color_gradient=&#8221;on&#8221; background_color_gradient_stops=&#8221;rgba(30,58,76,0.5) 0%|rgba(224,204,177,0) 100%&#8221; background_color_gradient_overlays_image=&#8221;on&#8221; background_image=&#8221;https:\/\/entrepotsduplateau.ca\/wp-content\/uploads\/2023\/10\/Entrepots-exterieurs.jpg&#8221; custom_padding=&#8221;0px||0px||true|false&#8221; global_colors_info=&#8221;{}&#8221;][et_pb_row use_custom_gutter=&#8221;on&#8221; make_equal=&#8221;on&#8221; padding_top_bottom_link_1=&#8221;true&#8221; padding_top_bottom_link_2=&#8221;true&#8221; padding_left_right_link_1=&#8221;true&#8221; padding_left_right_link_2=&#8221;true&#8221; background_color_gradient_type_1=&#8221;circular&#8221; _builder_version=&#8221;4.23&#8243; width=&#8221;100%&#8221; max_width=&#8221;100%&#8221; custom_padding=&#8221;0px||0px||true&#8221; use_custom_width=&#8221;on&#8221; width_unit=&#8221;off&#8221; custom_width_percent=&#8221;100%&#8221; global_colors_info=&#8221;{}&#8221;][et_pb_column type=&#8221;4_4&#8243; _builder_version=&#8221;4.23&#8243; background_color_gradient_start=&#8221;rgba(40,40,40,0.79)&#8221; background_color_gradient_end=&#8221;rgba(40,40,40,0.86)&#8221; custom_padding=&#8221;8vw|6vw|10vw|6vw|false|false&#8221; custom_padding_tablet=&#8221;10vw|10%|10vw|10%|true|true&#8221; custom_padding_phone=&#8221;10vw|10%|10vw|10%|true|true&#8221; custom_padding_last_edited=&#8221;on|desktop&#8221; global_colors_info=&#8221;{}&#8221; padding_tablet=&#8221;10vw|10%|10vw|10%|true|true&#8221; padding_last_edited=&#8221;on|desktop&#8221; custom_padding__hover=&#8221;|||&#8221; padding_phone=&#8221;10vw|10%|10vw|10%|true|true&#8221;][et_pb_text _builder_version=&#8221;4.23.1&#8243; header_font=&#8221;Rubik|600|||||||&#8221; header_text_color=&#8221;#1E3A4C&#8221; header_font_size=&#8221;42px&#8221; background_color=&#8221;rgba(224,204,177,0.7)&#8221; max_width=&#8221;1000px&#8221; custom_padding=&#8221;20px|30px|20px|30px|true|true&#8221; locked=&#8221;off&#8221; global_colors_info=&#8221;{}&#8221;]<\/p>\n<h1>Blog<\/h1>\n<p>[\/et_pb_text][\/et_pb_column][\/et_pb_row][\/et_pb_section][et_pb_section fb_built=&#8221;1&#8243; _builder_version=&#8221;4.23.1&#8243; _module_preset=&#8221;default&#8221; global_colors_info=&#8221;{}&#8221;][et_pb_row _builder_version=&#8221;4.23.1&#8243; _module_preset=&#8221;default&#8221; width=&#8221;100%&#8221; max_width=&#8221;1280px&#8221; global_colors_info=&#8221;{}&#8221;][et_pb_column type=&#8221;4_4&#8243; _builder_version=&#8221;4.23.1&#8243; _module_preset=&#8221;default&#8221; global_colors_info=&#8221;{}&#8221;][et_pb_blog fullwidth=&#8221;off&#8221; posts_number=&#8221;9&#8243; include_categories=&#8221;20&#8243; excerpt_length=&#8221;150&#8243; show_more=&#8221;on&#8221; show_author=&#8221;off&#8221; show_date=&#8221;off&#8221; show_categories=&#8221;off&#8221; module_class=&#8221;pa-blog-equal-height&#8221; _builder_version=&#8221;4.23.1&#8243; _module_preset=&#8221;default&#8221; header_text_color=&#8221;#E0CCB1&#8243; header_line_height=&#8221;1.4em&#8221; body_text_color=&#8221;#FFFFFF&#8221; body_line_height=&#8221;1.4em&#8221; meta_font_size=&#8221;40px&#8221; read_more_text_color=&#8221;#1E3A4C&#8221; width=&#8221;100%&#8221; min_height=&#8221;1000px&#8221; height=&#8221;1000px&#8221; max_height=&#8221;1000px&#8221; hover_enabled=&#8221;0&#8243; custom_css_free_form=&#8221;.more-link {||      color: #FFFFFF !important;||    border-width: 0px !important;||    border-color: #1E3A4C;||    border-radius: 0px;||    letter-spacing: 2px;||    font-size: 11px;||    font-family: &#8216;Rubik&#8217;, Helvetica, Arial, Lucida, sans-serif !important;||    text-transform: uppercase !important;||    background-color: #E0CCB1;||    padding: 7px 10px !important;||}||.more-link:hover {||  background-color: #fff;||}||.post-content-inner {||  margin-bottom: 1em;||}||.post-content-inner {||    margin-bottom: 30px;||}||.et_pb_blog_grid .et_pb_image_container img {||    transition: transform 300ms ease 0ms !important;||}||@media (min-width: 981px) {||    .et_pb_gutters3 .et_pb_column .et_pb_blog_grid .column.size-1of1 .et_pb_post:last-child, .et_pb_gutters3 .et_pb_column .et_pb_blog_grid .column.size-1of2 .et_pb_post:last-child, .et_pb_gutters3 .et_pb_column .et_pb_blog_grid .column.size-1of3 .et_pb_post:last-child, .et_pb_gutters3.et_pb_row .et_pb_column .et_pb_blog_grid .column.size-1of1 .et_pb_post:last-child, .et_pb_gutters3.et_pb_row .et_pb_column .et_pb_blog_grid .column.size-1of2 .et_pb_post:last-child, .et_pb_gutters3.et_pb_row .et_pb_column .et_pb_blog_grid .column.size-1of3 .et_pb_post:last-child {||        margin-bottom: 0;||        min-height: 565px;||     \t\tbackground-color: #1E3A4C;||    }||}&#8221; border_color_all=&#8221;#1E3A4C&#8221; global_colors_info=&#8221;{}&#8221; sticky_enabled=&#8221;0&#8243;][\/et_pb_blog][\/et_pb_column][\/et_pb_row][\/et_pb_section]<\/p>\n","protected":false},"excerpt":{"rendered":"<p>Blog<\/p>\n","protected":false},"author":2,"featured_media":0,"parent":370,"menu_order":0,"comment_status":"closed","ping_status":"closed","template":"","meta":{"_et_pb_use_builder":"on","_et_pb_old_content":"<!-- wp:divi\/placeholder \/-->","_et_gb_content_width":"","footnotes":""},"class_list":["post-949","page","type-page","status-publish","hentry"],"yoast_head":"<!-- This site is optimized with the Yoast SEO plugin v25.8 - https:\/\/yoast.com\/wordpress\/plugins\/seo\/ -->\n<title>Espace Ext\u00e9rieur \u00e0 Gatineau - Entrep\u00f4ts du Plateau<\/title>\n<meta name=\"description\" content=\"Entrep\u00f4ts du Plateau offre des unit\u00e9s d&#039;espace libre-service ext\u00e9rieur sur un terrain ext\u00e9rieur de 6 acres \u00e0 Gatineau. Cl\u00f4tur\u00e9 et surveillance cam\u00e9ra 24h.\" \/>\n<meta name=\"robots\" content=\"index, follow, max-snippet:-1, max-image-preview:large, max-video-preview:-1\" \/>\n<link rel=\"canonical\" href=\"https:\/\/www.entrepotsduplateau.ca\/en\/about\/blog\/\" \/>\n<meta property=\"og:locale\" content=\"en_US\" \/>\n<meta property=\"og:type\" content=\"article\" \/>\n<meta property=\"og:title\" content=\"Espace Ext\u00e9rieur \u00e0 Gatineau - Entrep\u00f4ts du Plateau\" \/>\n<meta property=\"og:description\" content=\"Entrep\u00f4ts du Plateau offre des unit\u00e9s d&#039;espace libre-service ext\u00e9rieur sur un terrain ext\u00e9rieur de 6 acres \u00e0 Gatineau. Cl\u00f4tur\u00e9 et surveillance cam\u00e9ra 24h.\" \/>\n<meta property=\"og:url\" content=\"https:\/\/www.entrepotsduplateau.ca\/en\/about\/blog\/\" \/>\n<meta property=\"og:site_name\" content=\"Entrep\u00f4ts du Plateau\" \/>\n<meta property=\"article:modified_time\" content=\"2025-06-27T15:54:37+00:00\" \/>\n<meta name=\"twitter:card\" content=\"summary_large_image\" \/>\n<meta name=\"twitter:label1\" content=\"Est. reading time\" \/>\n\t<meta name=\"twitter:data1\" content=\"1 minute\" \/>\n<script type=\"application\/ld+json\" class=\"yoast-schema-graph\">{\"@context\":\"https:\/\/schema.org\",\"@graph\":[{\"@type\":\"WebPage\",\"@id\":\"https:\/\/www.entrepotsduplateau.ca\/en\/about\/blog\/\",\"url\":\"https:\/\/www.entrepotsduplateau.ca\/en\/about\/blog\/\",\"name\":\"Espace Ext\u00e9rieur \u00e0 Gatineau - Entrep\u00f4ts du Plateau\",\"isPartOf\":{\"@id\":\"https:\/\/www.entrepotsduplateau.ca\/#website\"},\"datePublished\":\"2025-06-25T15:13:22+00:00\",\"dateModified\":\"2025-06-27T15:54:37+00:00\",\"description\":\"Entrep\u00f4ts du Plateau offre des unit\u00e9s d'espace libre-service ext\u00e9rieur sur un terrain ext\u00e9rieur de 6 acres \u00e0 Gatineau. Cl\u00f4tur\u00e9 et surveillance cam\u00e9ra 24h.\",\"breadcrumb\":{\"@id\":\"https:\/\/www.entrepotsduplateau.ca\/en\/about\/blog\/#breadcrumb\"},\"inLanguage\":\"en-US\",\"potentialAction\":[{\"@type\":\"ReadAction\",\"target\":[\"https:\/\/www.entrepotsduplateau.ca\/en\/about\/blog\/\"]}]},{\"@type\":\"BreadcrumbList\",\"@id\":\"https:\/\/www.entrepotsduplateau.ca\/en\/about\/blog\/#breadcrumb\",\"itemListElement\":[{\"@type\":\"ListItem\",\"position\":1,\"name\":\"Home\",\"item\":\"https:\/\/www.entrepotsduplateau.ca\/\"},{\"@type\":\"ListItem\",\"position\":2,\"name\":\"About Us\",\"item\":\"https:\/\/www.entrepotsduplateau.ca\/propos\/\"},{\"@type\":\"ListItem\",\"position\":3,\"name\":\"Blog\"}]},{\"@type\":\"WebSite\",\"@id\":\"https:\/\/www.entrepotsduplateau.ca\/#website\",\"url\":\"https:\/\/www.entrepotsduplateau.ca\/\",\"name\":\"Entrep\u00f4ts du Plateau\",\"description\":\"\",\"potentialAction\":[{\"@type\":\"SearchAction\",\"target\":{\"@type\":\"EntryPoint\",\"urlTemplate\":\"https:\/\/www.entrepotsduplateau.ca\/?s={search_term_string}\"},\"query-input\":{\"@type\":\"PropertyValueSpecification\",\"valueRequired\":true,\"valueName\":\"search_term_string\"}}],\"inLanguage\":\"en-US\"}]}<\/script>\n<!-- \/ Yoast SEO plugin. -->","yoast_head_json":{"title":"Espace Ext\u00e9rieur \u00e0 Gatineau - Entrep\u00f4ts du Plateau","description":"Entrep\u00f4ts du Plateau offre des unit\u00e9s d'espace libre-service ext\u00e9rieur sur un terrain ext\u00e9rieur de 6 acres \u00e0 Gatineau. Cl\u00f4tur\u00e9 et surveillance cam\u00e9ra 24h.","robots":{"index":"index","follow":"follow","max-snippet":"max-snippet:-1","max-image-preview":"max-image-preview:large","max-video-preview":"max-video-preview:-1"},"canonical":"https:\/\/www.entrepotsduplateau.ca\/en\/about\/blog\/","og_locale":"en_US","og_type":"article","og_title":"Espace Ext\u00e9rieur \u00e0 Gatineau - Entrep\u00f4ts du Plateau","og_description":"Entrep\u00f4ts du Plateau offre des unit\u00e9s d'espace libre-service ext\u00e9rieur sur un terrain ext\u00e9rieur de 6 acres \u00e0 Gatineau. Cl\u00f4tur\u00e9 et surveillance cam\u00e9ra 24h.","og_url":"https:\/\/www.entrepotsduplateau.ca\/en\/about\/blog\/","og_site_name":"Entrep\u00f4ts du Plateau","article_modified_time":"2025-06-27T15:54:37+00:00","twitter_card":"summary_large_image","twitter_misc":{"Est. reading time":"1 minute"},"schema":{"@context":"https:\/\/schema.org","@graph":[{"@type":"WebPage","@id":"https:\/\/www.entrepotsduplateau.ca\/en\/about\/blog\/","url":"https:\/\/www.entrepotsduplateau.ca\/en\/about\/blog\/","name":"Espace Ext\u00e9rieur \u00e0 Gatineau - Entrep\u00f4ts du Plateau","isPartOf":{"@id":"https:\/\/www.entrepotsduplateau.ca\/#website"},"datePublished":"2025-06-25T15:13:22+00:00","dateModified":"2025-06-27T15:54:37+00:00","description":"Entrep\u00f4ts du Plateau offre des unit\u00e9s d'espace libre-service ext\u00e9rieur sur un terrain ext\u00e9rieur de 6 acres \u00e0 Gatineau. Cl\u00f4tur\u00e9 et surveillance cam\u00e9ra 24h.","breadcrumb":{"@id":"https:\/\/www.entrepotsduplateau.ca\/en\/about\/blog\/#breadcrumb"},"inLanguage":"en-US","potentialAction":[{"@type":"ReadAction","target":["https:\/\/www.entrepotsduplateau.ca\/en\/about\/blog\/"]}]},{"@type":"BreadcrumbList","@id":"https:\/\/www.entrepotsduplateau.ca\/en\/about\/blog\/#breadcrumb","itemListElement":[{"@type":"ListItem","position":1,"name":"Home","item":"https:\/\/www.entrepotsduplateau.ca\/"},{"@type":"ListItem","position":2,"name":"About Us","item":"https:\/\/www.entrepotsduplateau.ca\/propos\/"},{"@type":"ListItem","position":3,"name":"Blog"}]},{"@type":"WebSite","@id":"https:\/\/www.entrepotsduplateau.ca\/#website","url":"https:\/\/www.entrepotsduplateau.ca\/","name":"Entrep\u00f4ts du Plateau","description":"","potentialAction":[{"@type":"SearchAction","target":{"@type":"EntryPoint","urlTemplate":"https:\/\/www.entrepotsduplateau.ca\/?s={search_term_string}"},"query-input":{"@type":"PropertyValueSpecification","valueRequired":true,"valueName":"search_term_string"}}],"inLanguage":"en-US"}]}},"_links":{"self":[{"href":"https:\/\/www.entrepotsduplateau.ca\/en\/wp-json\/wp\/v2\/pages\/949","targetHints":{"allow":["GET"]}}],"collection":[{"href":"https:\/\/www.entrepotsduplateau.ca\/en\/wp-json\/wp\/v2\/pages"}],"about":[{"href":"https:\/\/www.entrepotsduplateau.ca\/en\/wp-json\/wp\/v2\/types\/page"}],"author":[{"embeddable":true,"href":"https:\/\/www.entrepotsduplateau.ca\/en\/wp-json\/wp\/v2\/users\/2"}],"replies":[{"embeddable":true,"href":"https:\/\/www.entrepotsduplateau.ca\/en\/wp-json\/wp\/v2\/comments?post=949"}],"version-history":[{"count":8,"href":"https:\/\/www.entrepotsduplateau.ca\/en\/wp-json\/wp\/v2\/pages\/949\/revisions"}],"predecessor-version":[{"id":1160,"href":"https:\/\/www.entrepotsduplateau.ca\/en\/wp-json\/wp\/v2\/pages\/949\/revisions\/1160"}],"up":[{"embeddable":true,"href":"https:\/\/www.entrepotsduplateau.ca\/en\/wp-json\/wp\/v2\/pages\/370"}],"wp:attachment":[{"href":"https:\/\/www.entrepotsduplateau.ca\/en\/wp-json\/wp\/v2\/media?parent=949"}],"curies":[{"name":"wp","href":"https:\/\/api.w.org\/{rel}","templated":true}]}}